{"id":6745,"date":"2025-06-13T08:48:59","date_gmt":"2025-06-13T06:48:59","guid":{"rendered":"https:\/\/hergert-bau.de\/?page_id=6745"},"modified":"2026-03-15T16:16:22","modified_gmt":"2026-03-15T15:16:22","slug":"impressum","status":"publish","type":"page","link":"https:\/\/hergert-bau.de\/index.php\/impressum\/","title":{"rendered":"Impressum"},"content":{"rendered":"\t\t<div data-elementor-type=\"wp-page\" data-elementor-id=\"6745\" class=\"elementor elementor-6745\">\n\t\t\t\t<div class=\"elementor-element elementor-element-ec89a7e e-con-full e-flex e-con e-parent\" data-id=\"ec89a7e\" data-element_type=\"container\" data-settings=\"{&quot;background_background&quot;:&quot;slideshow&quot;,&quot;background_slideshow_gallery&quot;:[{&quot;id&quot;:6630,&quot;url&quot;:&quot;https:\\\/\\\/hergert-bau.de\\\/wp-content\\\/uploads\\\/2025\\\/06\\\/spacious-dark-bathroom-with-shower-and-sink-2025-02-10-09-41-01-utc-scaled.jpg&quot;}],&quot;background_slideshow_loop&quot;:&quot;yes&quot;,&quot;background_slideshow_slide_duration&quot;:5000,&quot;background_slideshow_slide_transition&quot;:&quot;fade&quot;,&quot;background_slideshow_transition_duration&quot;:500}\">\n\t\t\t\t<div class=\"elementor-element elementor-element-692f0f7 elementor-widget elementor-widget-spacer\" data-id=\"692f0f7\" data-element_type=\"widget\" data-widget_type=\"spacer.default\">\n\t\t\t\t<div class=\"elementor-widget-container\">\n\t\t\t\t\t\t\t<div class=\"elementor-spacer\">\n\t\t\t<div class=\"elementor-spacer-inner\"><\/div>\n\t\t<\/div>\n\t\t\t\t\t\t<\/div>\n\t\t\t\t<\/div>\n\t\t\t\t<\/div>\n\t\t\t\t<section class=\"elementor-section elementor-top-section elementor-element elementor-element-b645b15 elementor-section-stretched elementor-section-boxed elementor-section-height-default elementor-section-height-default\" data-id=\"b645b15\" data-element_type=\"section\" data-settings=\"{&quot;stretch_section&quot;:&quot;section-stretched&quot;}\">\n\t\t\t\t\t\t<div class=\"elementor-container elementor-column-gap-default\">\n\t\t\t\t\t<div class=\"elementor-column elementor-col-100 elementor-top-column elementor-element elementor-element-a45d7ec\" data-id=\"a45d7ec\" data-element_type=\"column\">\n\t\t\t<div class=\"elementor-widget-wrap elementor-element-populated\">\n\t\t\t\t\t\t<div class=\"elementor-element elementor-element-4f2418b elementor-widget__width-auto elementor-icon-list--layout-traditional elementor-list-item-link-full_width elementor-widget elementor-widget-icon-list\" data-id=\"4f2418b\" data-element_type=\"widget\" data-widget_type=\"icon-list.default\">\n\t\t\t\t<div class=\"elementor-widget-container\">\n\t\t\t\t\t\t\t<ul class=\"elementor-icon-list-items\">\n\t\t\t\t\t\t\t<li class=\"elementor-icon-list-item\">\n\t\t\t\t\t\t\t\t\t\t\t<a href=\"http:\/\/hergert-bau.de\">\n\n\t\t\t\t\t\t\t\t\t\t\t<span class=\"elementor-icon-list-text\">Startseite<\/span>\n\t\t\t\t\t\t\t\t\t\t\t<\/a>\n\t\t\t\t\t\t\t\t\t<\/li>\n\t\t\t\t\t\t<\/ul>\n\t\t\t\t\t\t<\/div>\n\t\t\t\t<\/div>\n\t\t\t\t<div class=\"elementor-element elementor-element-14c769f elementor-widget__width-initial elementor-widget elementor-widget-image\" data-id=\"14c769f\" data-element_type=\"widget\" data-widget_type=\"image.default\">\n\t\t\t\t<div class=\"elementor-widget-container\">\n\t\t\t\t\t\t\t\t\t\t\t\t\t\t\t<img decoding=\"async\" width=\"65\" height=\"186\" src=\"https:\/\/hergert-bau.de\/wp-content\/uploads\/2024\/03\/main-icon.png\" class=\"attachment-full size-full wp-image-3977\" alt=\"\" \/>\t\t\t\t\t\t\t\t\t\t\t\t\t\t\t<\/div>\n\t\t\t\t<\/div>\n\t\t\t\t<div class=\"elementor-element elementor-element-bed6b9c elementor-widget__width-auto elementor-icon-list--layout-traditional elementor-list-item-link-full_width elementor-widget elementor-widget-icon-list\" data-id=\"bed6b9c\" data-element_type=\"widget\" data-widget_type=\"icon-list.default\">\n\t\t\t\t<div class=\"elementor-widget-container\">\n\t\t\t\t\t\t\t<ul class=\"elementor-icon-list-items\">\n\t\t\t\t\t\t\t<li class=\"elementor-icon-list-item\">\n\t\t\t\t\t\t\t\t\t\t<span class=\"elementor-icon-list-text\">Impressum<\/span>\n\t\t\t\t\t\t\t\t\t<\/li>\n\t\t\t\t\t\t<\/ul>\n\t\t\t\t\t\t<\/div>\n\t\t\t\t<\/div>\n\t\t\t\t\t<\/div>\n\t\t<\/div>\n\t\t\t\t\t<\/div>\n\t\t<\/section>\n\t\t\t\t<section class=\"elementor-section elementor-top-section elementor-element elementor-element-bdf4ccb elementor-section-stretched elementor-section-boxed elementor-section-height-default elementor-section-height-default\" data-id=\"bdf4ccb\" data-element_type=\"section\" data-settings=\"{&quot;stretch_section&quot;:&quot;section-stretched&quot;}\">\n\t\t\t\t\t\t<div class=\"elementor-container elementor-column-gap-no\">\n\t\t\t\t\t<div class=\"elementor-column elementor-col-100 elementor-top-column elementor-element elementor-element-68b7b71\" data-id=\"68b7b71\" data-element_type=\"column\">\n\t\t\t<div class=\"elementor-widget-wrap elementor-element-populated\">\n\t\t\t\t\t\t<div class=\"elementor-element elementor-element-7a3ced5 elementor-widget elementor-widget-heading\" data-id=\"7a3ced5\" data-element_type=\"widget\" data-widget_type=\"heading.default\">\n\t\t\t\t<div class=\"elementor-widget-container\">\n\t\t\t\t\t<h3 class=\"elementor-heading-title elementor-size-default\">Impressum<\/h3>\t\t\t\t<\/div>\n\t\t\t\t<\/div>\n\t\t\t\t<div class=\"elementor-element elementor-element-c90db5b elementor-widget-divider--view-line elementor-widget elementor-widget-divider\" data-id=\"c90db5b\" data-element_type=\"widget\" data-widget_type=\"divider.default\">\n\t\t\t\t<div class=\"elementor-widget-container\">\n\t\t\t\t\t\t\t<div class=\"elementor-divider\">\n\t\t\t<span class=\"elementor-divider-separator\">\n\t\t\t\t\t\t<\/span>\n\t\t<\/div>\n\t\t\t\t\t\t<\/div>\n\t\t\t\t<\/div>\n\t\t\t\t<div class=\"elementor-element elementor-element-080d16e elementor-widget elementor-widget-html\" data-id=\"080d16e\" data-element_type=\"widget\" data-widget_type=\"html.default\">\n\t\t\t\t<div class=\"elementor-widget-container\">\n\t\t\t\t\t<h1>Impressum<\/h1>\n\n<p>Nico Hergert<br \/>\nNaturstein- und Fliesenbau<br \/>\nGrundweg 47<br \/>\n39218 Sch&ouml;nebeck<\/p>\n\n<p>Handelsregister: HRA 6744<br \/>\nRegistergericht: Amtsgericht Stendal<\/p>\n\n<h2>Kontakt<\/h2>\n<p>Telefon: +49 (3928) 4o 4o 90<br \/>\nE-Mail: info@hergert-bau.de<\/p>\n\n<h2>Umsatzsteuer-ID<\/h2>\n<p>Umsatzsteuer-Identifikationsnummer gem&auml;&szlig; &sect; 27 a Umsatzsteuergesetz:<br \/>\nDE 341948287<\/p>\n\n<h2>Verbraucher&shy;streit&shy;beilegung\/Universal&shy;schlichtungs&shy;stelle<\/h2>\n<p>Wir sind nicht bereit oder verpflichtet, an Streitbeilegungsverfahren vor einer Verbraucherschlichtungsstelle teilzunehmen.<\/p>\t\t\t\t<\/div>\n\t\t\t\t<\/div>\n\t\t\t\t<div class=\"elementor-element elementor-element-5add7dd elementor-widget elementor-widget-text-editor\" data-id=\"5add7dd\" data-element_type=\"widget\" data-widget_type=\"text-editor.default\">\n\t\t\t\t<div class=\"elementor-widget-container\">\n\t\t\t\t\t\t\t\t\t<div class=\"ql-block\" data-block-id=\"block-6d3c939b-58ed-4d51-adb5-fb3ea33f9f33\">\u00a0<\/div><div data-block-id=\"block-9b2d9e93-9137-4473-a8c9-a98bc0ee34ae\">\u00a0<\/div><div class=\"ql-block\" data-block-id=\"block-ea1ee690-e256-4710-a419-17958b7c726a\"><strong>Urheberrecht<\/strong><\/div><div class=\"ql-block\" data-block-id=\"block-3147649b-0fb0-48a5-9bf1-ab59b75a0a43\">Die durch die Seitenbetreiber erstellten bzw. verwendeten Inhalte und Werke auf diesen Seiten unterliegen dem deutschen Urheberrecht. Die Vervielf\u00e4ltigung, Bearbeitung, Verbreitung und jede Art der Verwertung au\u00dferhalb der Grenzen des Urheberrechtes bed\u00fcrfen der Zustimmung des jeweiligen Autors bzw. Erstellers. Downloads und Kopien dieser Seite sind nur f\u00fcr den privaten, nicht kommerziellen Gebrauch gestattet. Soweit die Inhalte auf dieser Seite nicht vom Betreiber erstellt wurden, werden die Urheberrechte Dritter beachtet. Insbesondere werden Inhalte Dritter als solche gekennzeichnet. Sollten Sie trotzdem auf eine Urheberrechtsverletzung aufmerksam werden, bitten wir um einen entsprechenden Hinweis. Bei Bekanntwerden von Rechtsverletzungen werden wir derartige Inhalte umgehend entfernen.<\/div><div data-block-id=\"block-3147649b-0fb0-48a5-9bf1-ab59b75a0a43\">\u00a0<\/div><div class=\"ql-block\" data-block-id=\"block-b070bac9-62f8-4260-a7a5-75cb0ca93d31\"><strong>Bildverzeichnis f\u00fcr verwendete envato-Bildlizenzen:<\/strong><\/div><div data-block-id=\"block-b070bac9-62f8-4260-a7a5-75cb0ca93d31\">\u00a0<\/div><div data-block-id=\"block-b070bac9-62f8-4260-a7a5-75cb0ca93d31\"><p>Item Title: Item URL: 3d rendering classic modern bathroom with luxury tile decor<br \/>Item ID: G2RLJKT<br \/>Author Username: dit26978<\/p><p>Item Title: Item URL: Modern kitchen interior with black and wooden cabine<br \/>Item ID: T4KZC<br \/>Author Username: wirestock<\/p><p>Item Title: Closeup image of a wooden bar with flowerpots with blur green nature background<br \/>Item ID: 8F9VK8R<br \/>Author Username: Farknot<\/p><p>Item Title: Luxury white modern marble kitchen in studio space<br \/>Item ID: 77BP8JM<br \/>Author Username: staRRush<\/p><p>Item Title: Spa still life with spa stones<br \/>Item ID: 7D9RW59<br \/>Author Username: FabrikaPhoto<\/p><p>Item Title: 3d rendering modern loft bathroom with luxury tile decor<br \/>Item ID: Q94XP6W<br \/>Author Username: dit26978<\/p><p>Item Title: Kitchen<br \/>Item ID: JTKEGDA<br \/>Author Username: Picsuite<\/p><p>tem Title: Many different samples of tiles as background, closeup<br \/>Item ID: W5SD2W5<br \/>Author Username: africaimages<\/p><p>Item Title: Modern minimalist kitchen with light wooden cabinetry and marble<br \/>countertops.<br \/>Item ID: PCZBD6M<br \/>Author Username: wirestock<\/p><p>Item Title: Kitchen<br \/>Item ID: 4QCJ4RS<br \/>Author Username: Picsuite<\/p><p>Item Title: empty white marble wall and floor<br \/>Item ID: SW2NADR<br \/>Author Username: melis82<\/p><p>Item Title: Energy Efficient Home Exterior<br \/>Item ID: 694PEAS<br \/>Author Username: Mint_Images<\/p><p>Item Title: the backyard of a house with chairs and a patio<br \/>Item ID: 6Y4AM7X<br \/>Author Username: pro_creator<\/p><p>Item Title: The facade of a brick building with wooden door<br \/>Item ID: U7STMMN<br \/>Author Username: pro_creator<\/p><p>Item Title: High-rise modern building against a bright blue sky.<br \/>Item ID: YUAM8QK<br \/>Author Username: wirestock<\/p><p>Item Title: Many different samples of tiles as background, closeup<br \/>Item ID: JK6K764<br \/>Author Username: africaimages<\/p><p>Item Title: A Long Stairway Made Out Of Stone With Stone Walls<br \/>Item ID: C7DX9QY<br \/>Author Username: Light-and-Vision<\/p><p>Item Title: Balcony of a house<br \/>Item ID:W7VXAWB<br \/>Author Username: pro_creator<\/p><p>Item Title: Tiled terrace of penthouse with glass fence<br \/>Item ID: 23B5ESH<br \/>Author Username: pro_creator<\/p><p>Item Title: Marble hall of a modern house in marble<br \/>Item ID: EFFASUG<br \/>Author Username: pro_creator<\/p><p>Item Title: Bright spacious detached house<br \/>Item ID: PEQD8G7<br \/>Author Username: bialasiewicz<\/p><p>Item Title: Architects and worker at the construction site.<br \/>Item ID: PFSH9HM<br \/>Author Username: halfpoint<\/p><p>Item Title: Confident foreman with tablet standing in front of camera in unfinished building<br \/>Item ID: NAAFS36<br \/>Author Username: Pressmaster<\/p><p>Item Title: Stylish wooden contemporary staircase inside loft house interior.<br \/>ID: Z4MQ82H<br \/>Author Username: bilanol<\/p><\/div><div class=\"ql-block\" data-block-id=\"block-f34ff10f-4c43-45c7-ab8e-e0fc36ede33a\">\u00a0<\/div>\t\t\t\t\t\t\t\t<\/div>\n\t\t\t\t<\/div>\n\t\t\t\t\t<\/div>\n\t\t<\/div>\n\t\t\t\t\t<\/div>\n\t\t<\/section>\n\t\t\t\t<\/div>\n\t\t","protected":false},"excerpt":{"rendered":"<p>Startseite Impressum Impressum Impressum Nico Hergert Naturstein- und Fliesenbau Grundweg 47 39218 Sch&ouml;nebeck Handelsregister: HRA 6744 Registergericht: Amtsgericht Stendal Kontakt Telefon: +49 (3928) 4o 4o 90 E-Mail: info@hergert-bau.de Umsatzsteuer-ID Umsatzsteuer-Identifikationsnummer gem&auml;&szlig; &sect; 27 a Umsatzsteuergesetz: DE 341948287 Verbraucher&shy;streit&shy;beilegung\/Universal&shy;schlichtungs&shy;stelle Wir sind nicht bereit oder verpflichtet, an Streitbeilegungsverfahren vor einer Verbraucherschlichtungsstelle teilzunehmen. \u00a0\u00a0UrheberrechtDie durch die Seitenbetreiber erstellten &hellip;<\/p>\n","protected":false},"author":1,"featured_media":0,"parent":0,"menu_order":0,"comment_status":"closed","ping_status":"closed","template":"elementor_header_footer","meta":{"_acf_changed":false,"footnotes":""},"class_list":["post-6745","page","type-page","status-publish","hentry"],"acf":[],"yoast_head":"<!-- This site is optimized with the Yoast SEO plugin v27.5 - https:\/\/yoast.com\/product\/yoast-seo-wordpress\/ -->\n<title>Impressum - HERGERT Naturstein<\/title>\n<meta name=\"description\" content=\"Inhalte der Webseite Hergert Naturstein.\" \/>\n<meta name=\"robots\" content=\"index, follow, max-snippet:-1, max-image-preview:large, max-video-preview:-1\" \/>\n<link rel=\"canonical\" href=\"https:\/\/hergert-bau.de\/index.php\/impressum\/\" \/>\n<meta property=\"og:locale\" content=\"de_DE\" \/>\n<meta property=\"og:type\" content=\"article\" \/>\n<meta property=\"og:title\" content=\"Impressum - HERGERT Naturstein\" \/>\n<meta property=\"og:description\" content=\"Inhalte der Webseite Hergert Naturstein.\" \/>\n<meta property=\"og:url\" content=\"https:\/\/hergert-bau.de\/index.php\/impressum\/\" \/>\n<meta property=\"og:site_name\" content=\"HERGERT Naturstein\" \/>\n<meta property=\"article:modified_time\" content=\"2026-03-15T15:16:22+00:00\" \/>\n<meta property=\"og:image\" content=\"https:\/\/hergert-bau.de\/wp-content\/uploads\/2024\/03\/main-icon.png\" \/>\n\t<meta property=\"og:image:width\" content=\"65\" \/>\n\t<meta property=\"og:image:height\" content=\"186\" \/>\n\t<meta property=\"og:image:type\" content=\"image\/png\" \/>\n<meta name=\"twitter:card\" content=\"summary_large_image\" \/>\n<meta name=\"twitter:label1\" content=\"Gesch\u00e4tzte Lesezeit\" \/>\n\t<meta name=\"twitter:data1\" content=\"4\u00a0Minuten\" \/>\n<script type=\"application\/ld+json\" class=\"yoast-schema-graph\">{\"@context\":\"https:\\\/\\\/schema.org\",\"@graph\":[{\"@type\":\"WebPage\",\"@id\":\"https:\\\/\\\/hergert-bau.de\\\/index.php\\\/impressum\\\/\",\"url\":\"https:\\\/\\\/hergert-bau.de\\\/index.php\\\/impressum\\\/\",\"name\":\"Impressum - HERGERT Naturstein\",\"isPartOf\":{\"@id\":\"https:\\\/\\\/hergert-bau.de\\\/#website\"},\"primaryImageOfPage\":{\"@id\":\"https:\\\/\\\/hergert-bau.de\\\/index.php\\\/impressum\\\/#primaryimage\"},\"image\":{\"@id\":\"https:\\\/\\\/hergert-bau.de\\\/index.php\\\/impressum\\\/#primaryimage\"},\"thumbnailUrl\":\"https:\\\/\\\/hergert-bau.de\\\/wp-content\\\/uploads\\\/2024\\\/03\\\/main-icon.png\",\"datePublished\":\"2025-06-13T06:48:59+00:00\",\"dateModified\":\"2026-03-15T15:16:22+00:00\",\"description\":\"Inhalte der Webseite Hergert Naturstein.\",\"breadcrumb\":{\"@id\":\"https:\\\/\\\/hergert-bau.de\\\/index.php\\\/impressum\\\/#breadcrumb\"},\"inLanguage\":\"de\",\"potentialAction\":[{\"@type\":\"ReadAction\",\"target\":[\"https:\\\/\\\/hergert-bau.de\\\/index.php\\\/impressum\\\/\"]}]},{\"@type\":\"ImageObject\",\"inLanguage\":\"de\",\"@id\":\"https:\\\/\\\/hergert-bau.de\\\/index.php\\\/impressum\\\/#primaryimage\",\"url\":\"https:\\\/\\\/hergert-bau.de\\\/wp-content\\\/uploads\\\/2024\\\/03\\\/main-icon.png\",\"contentUrl\":\"https:\\\/\\\/hergert-bau.de\\\/wp-content\\\/uploads\\\/2024\\\/03\\\/main-icon.png\",\"width\":65,\"height\":186},{\"@type\":\"BreadcrumbList\",\"@id\":\"https:\\\/\\\/hergert-bau.de\\\/index.php\\\/impressum\\\/#breadcrumb\",\"itemListElement\":[{\"@type\":\"ListItem\",\"position\":1,\"name\":\"Home\",\"item\":\"https:\\\/\\\/hergert-bau.de\\\/\"},{\"@type\":\"ListItem\",\"position\":2,\"name\":\"Impressum\"}]},{\"@type\":\"WebSite\",\"@id\":\"https:\\\/\\\/hergert-bau.de\\\/#website\",\"url\":\"https:\\\/\\\/hergert-bau.de\\\/\",\"name\":\"HERGERT Naturstein\",\"description\":\"\",\"publisher\":{\"@id\":\"https:\\\/\\\/hergert-bau.de\\\/#organization\"},\"potentialAction\":[{\"@type\":\"SearchAction\",\"target\":{\"@type\":\"EntryPoint\",\"urlTemplate\":\"https:\\\/\\\/hergert-bau.de\\\/?s={search_term_string}\"},\"query-input\":{\"@type\":\"PropertyValueSpecification\",\"valueRequired\":true,\"valueName\":\"search_term_string\"}}],\"inLanguage\":\"de\"},{\"@type\":\"Organization\",\"@id\":\"https:\\\/\\\/hergert-bau.de\\\/#organization\",\"name\":\"HERGERT Naturstein\",\"url\":\"https:\\\/\\\/hergert-bau.de\\\/\",\"logo\":{\"@type\":\"ImageObject\",\"inLanguage\":\"de\",\"@id\":\"https:\\\/\\\/hergert-bau.de\\\/#\\\/schema\\\/logo\\\/image\\\/\",\"url\":\"https:\\\/\\\/hergert-bau.de\\\/wp-content\\\/uploads\\\/2024\\\/03\\\/Logo_Hergert.png\",\"contentUrl\":\"https:\\\/\\\/hergert-bau.de\\\/wp-content\\\/uploads\\\/2024\\\/03\\\/Logo_Hergert.png\",\"width\":2404,\"height\":524,\"caption\":\"HERGERT Naturstein\"},\"image\":{\"@id\":\"https:\\\/\\\/hergert-bau.de\\\/#\\\/schema\\\/logo\\\/image\\\/\"}}]}<\/script>\n<!-- \/ Yoast SEO plugin. -->","yoast_head_json":{"title":"Impressum - HERGERT Naturstein","description":"Inhalte der Webseite Hergert Naturstein.","robots":{"index":"index","follow":"follow","max-snippet":"max-snippet:-1","max-image-preview":"max-image-preview:large","max-video-preview":"max-video-preview:-1"},"canonical":"https:\/\/hergert-bau.de\/index.php\/impressum\/","og_locale":"de_DE","og_type":"article","og_title":"Impressum - HERGERT Naturstein","og_description":"Inhalte der Webseite Hergert Naturstein.","og_url":"https:\/\/hergert-bau.de\/index.php\/impressum\/","og_site_name":"HERGERT Naturstein","article_modified_time":"2026-03-15T15:16:22+00:00","og_image":[{"width":65,"height":186,"url":"https:\/\/hergert-bau.de\/wp-content\/uploads\/2024\/03\/main-icon.png","type":"image\/png"}],"twitter_card":"summary_large_image","twitter_misc":{"Gesch\u00e4tzte Lesezeit":"4\u00a0Minuten"},"schema":{"@context":"https:\/\/schema.org","@graph":[{"@type":"WebPage","@id":"https:\/\/hergert-bau.de\/index.php\/impressum\/","url":"https:\/\/hergert-bau.de\/index.php\/impressum\/","name":"Impressum - HERGERT Naturstein","isPartOf":{"@id":"https:\/\/hergert-bau.de\/#website"},"primaryImageOfPage":{"@id":"https:\/\/hergert-bau.de\/index.php\/impressum\/#primaryimage"},"image":{"@id":"https:\/\/hergert-bau.de\/index.php\/impressum\/#primaryimage"},"thumbnailUrl":"https:\/\/hergert-bau.de\/wp-content\/uploads\/2024\/03\/main-icon.png","datePublished":"2025-06-13T06:48:59+00:00","dateModified":"2026-03-15T15:16:22+00:00","description":"Inhalte der Webseite Hergert Naturstein.","breadcrumb":{"@id":"https:\/\/hergert-bau.de\/index.php\/impressum\/#breadcrumb"},"inLanguage":"de","potentialAction":[{"@type":"ReadAction","target":["https:\/\/hergert-bau.de\/index.php\/impressum\/"]}]},{"@type":"ImageObject","inLanguage":"de","@id":"https:\/\/hergert-bau.de\/index.php\/impressum\/#primaryimage","url":"https:\/\/hergert-bau.de\/wp-content\/uploads\/2024\/03\/main-icon.png","contentUrl":"https:\/\/hergert-bau.de\/wp-content\/uploads\/2024\/03\/main-icon.png","width":65,"height":186},{"@type":"BreadcrumbList","@id":"https:\/\/hergert-bau.de\/index.php\/impressum\/#breadcrumb","itemListElement":[{"@type":"ListItem","position":1,"name":"Home","item":"https:\/\/hergert-bau.de\/"},{"@type":"ListItem","position":2,"name":"Impressum"}]},{"@type":"WebSite","@id":"https:\/\/hergert-bau.de\/#website","url":"https:\/\/hergert-bau.de\/","name":"HERGERT Naturstein","description":"","publisher":{"@id":"https:\/\/hergert-bau.de\/#organization"},"potentialAction":[{"@type":"SearchAction","target":{"@type":"EntryPoint","urlTemplate":"https:\/\/hergert-bau.de\/?s={search_term_string}"},"query-input":{"@type":"PropertyValueSpecification","valueRequired":true,"valueName":"search_term_string"}}],"inLanguage":"de"},{"@type":"Organization","@id":"https:\/\/hergert-bau.de\/#organization","name":"HERGERT Naturstein","url":"https:\/\/hergert-bau.de\/","logo":{"@type":"ImageObject","inLanguage":"de","@id":"https:\/\/hergert-bau.de\/#\/schema\/logo\/image\/","url":"https:\/\/hergert-bau.de\/wp-content\/uploads\/2024\/03\/Logo_Hergert.png","contentUrl":"https:\/\/hergert-bau.de\/wp-content\/uploads\/2024\/03\/Logo_Hergert.png","width":2404,"height":524,"caption":"HERGERT Naturstein"},"image":{"@id":"https:\/\/hergert-bau.de\/#\/schema\/logo\/image\/"}}]}},"_links":{"self":[{"href":"https:\/\/hergert-bau.de\/index.php\/wp-json\/wp\/v2\/pages\/6745","targetHints":{"allow":["GET"]}}],"collection":[{"href":"https:\/\/hergert-bau.de\/index.php\/wp-json\/wp\/v2\/pages"}],"about":[{"href":"https:\/\/hergert-bau.de\/index.php\/wp-json\/wp\/v2\/types\/page"}],"author":[{"embeddable":true,"href":"https:\/\/hergert-bau.de\/index.php\/wp-json\/wp\/v2\/users\/1"}],"replies":[{"embeddable":true,"href":"https:\/\/hergert-bau.de\/index.php\/wp-json\/wp\/v2\/comments?post=6745"}],"version-history":[{"count":16,"href":"https:\/\/hergert-bau.de\/index.php\/wp-json\/wp\/v2\/pages\/6745\/revisions"}],"predecessor-version":[{"id":7558,"href":"https:\/\/hergert-bau.de\/index.php\/wp-json\/wp\/v2\/pages\/6745\/revisions\/7558"}],"wp:attachment":[{"href":"https:\/\/hergert-bau.de\/index.php\/wp-json\/wp\/v2\/media?parent=6745"}],"curies":[{"name":"wp","href":"https:\/\/api.w.org\/{rel}","templated":true}]}}